{"id":44,"date":"2019-05-12T19:35:13","date_gmt":"2019-05-12T19:35:13","guid":{"rendered":"https:\/\/magnasearch.com.br\/en\/?page_id=44"},"modified":"2023-01-14T01:55:47","modified_gmt":"2023-01-14T01:55:47","slug":"about","status":"publish","type":"page","link":"https:\/\/magnasearch.com.br\/en\/about\/","title":{"rendered":"About"},"content":{"rendered":"<div class=\"wpb-content-wrapper\"><p>[vc_row][vc_column width=&#8221;1\/2&#8243;][vc_column_text]<\/p>\n<p style=\"font-weight: 400; text-align: justify;\">At <strong>MAGNA <\/strong>each process we work on is unique. We are known for working very closely with our clients, understanding their challenges, objectives and expectations, getting acquainted with their culture and values and also offering tailor-made solutions for each case, always focusing on their business success.<\/p>\n<p style=\"font-weight: 400; text-align: justify;\">We understand that the hiring process may affect the continuity of the business as a whole, therefore it is mandatory for the available position to be filled with the right professional.<\/p>\n<p style=\"font-weight: 400; text-align: justify;\"><strong>MAGNA <\/strong>has in its DNA the passion, the integrity and the excellence needed to find the ideal professional, no matter how hard we have to work on it. It is our mission.<\/p>\n<p style=\"font-weight: 400; text-align: justify;\">We see every new client is an opportunity for us to build up a long-lasting professional relationship. We truly believe that a successful process is based upon trust and transparency.<\/p>\n<p style=\"font-weight: 400; text-align: justify;\">In order to find the ideal candidate, we continuously incorporate new perspectives, tools and ideas to the process. That is how we manage to reach the level of excellence in our mission.<\/p>\n<p>[\/vc_column_text][\/vc_column][vc_column width=&#8221;1\/2&#8243;][vc_column_text]<\/p>\n<h4 style=\"text-align: center;\">Mission<\/h4>\n<p>[\/vc_column_text][vc_column_text]<\/p>\n<p style=\"text-align: center;\"><b>Through the excellence in the services we provide, we intend to change lives and make dreams come true.<\/b><\/p>\n<p>[\/vc_column_text][vc_column_text]<\/p>\n<h4 style=\"text-align: center;\">Values<\/h4>\n<p>[\/vc_column_text][vc_column_text]<\/p>\n<p style=\"text-align: center;\"><strong>Ethics and Respect<\/strong><br \/>\nTo act with integrity and honesty in all of our relations;<\/p>\n<p style=\"text-align: center;\"><strong>Justice<\/strong><br \/>\nConduct our business in an open and fair manner;<\/p>\n<p style=\"text-align: center;\"><strong>Teamwork and Sinergy<\/strong><br \/>\nHumility in the mutual collaboration\/cooperation;<\/p>\n<p style=\"text-align: center;\"><strong>Ownership<br \/>\n<\/strong>Responsibility as the main part of the business;<\/p>\n<p style=\"text-align: center;\"><strong>Innovation<\/strong><br \/>\nThe continuous improvement of our processes through new tools for professional development.<\/p>\n<p>[\/vc_column_text][\/vc_column][\/vc_row][vc_row type=&#8221;1&#8243; bg_color=&#8221;#ad925d&#8221; css=&#8221;.vc_custom_1557714091731{background-color: #09472e !important;}&#8221;][vc_column][vc_column_text css=&#8221;.vc_custom_1580404267291{padding-top: 35px !important;padding-bottom: 5px !important;}&#8221;]<\/p>\n<h2 style=\"text-align: center;\"><span style=\"color: #ffffff;\">Specialized in recruiting the most valuable professionals<\/span><\/h2>\n<p>[\/vc_column_text][\/vc_column][\/vc_row]<\/p>\n<\/div>","protected":false},"excerpt":{"rendered":"<p>[vc_row][vc_column width=&#8221;1\/2&#8243;][vc_column_text] At MAGNA each process we work on is unique. We are known for working very closely with our clients, understanding their challenges, objectives and expectations, getting acquainted with their culture and values and also offering tailor-made solutions for each case, always focusing on their business success. We understand that the hiring process may&hellip;<\/p>\n","protected":false},"author":2,"featured_media":0,"parent":0,"menu_order":0,"comment_status":"closed","ping_status":"closed","template":"","meta":{"footnotes":""},"class_list":["post-44","page","type-page","status-publish","hentry","description-off"],"yoast_head":"<!-- This site is optimized with the Yoast SEO plugin v27.4 - https:\/\/yoast.com\/product\/yoast-seo-wordpress\/ -->\n<title>Conhe\u00e7a a MAGNA Executive Search<\/title>\n<meta name=\"description\" content=\"A MAGNA possui a miss\u00e3o e impactar vidas transformando sonhos em realidade atrav\u00e9s da excel\u00eancia de seus servi\u00e7os.\" \/>\n<meta name=\"robots\" content=\"index, follow, max-snippet:-1, max-image-preview:large, max-video-preview:-1\" \/>\n<link rel=\"canonical\" href=\"https:\/\/magnasearch.com.br\/en\/about\/\" \/>\n<meta property=\"og:locale\" content=\"pt_BR\" \/>\n<meta property=\"og:type\" content=\"article\" \/>\n<meta property=\"og:title\" content=\"Conhe\u00e7a a MAGNA Executive Search\" \/>\n<meta property=\"og:description\" content=\"A MAGNA possui a miss\u00e3o e impactar vidas transformando sonhos em realidade atrav\u00e9s da excel\u00eancia de seus servi\u00e7os.\" \/>\n<meta property=\"og:url\" content=\"https:\/\/magnasearch.com.br\/en\/about\/\" \/>\n<meta property=\"og:site_name\" content=\"Magna Search\" \/>\n<meta property=\"article:publisher\" content=\"https:\/\/www.facebook.com\/magnasearch\/\" \/>\n<meta property=\"article:modified_time\" content=\"2023-01-14T01:55:47+00:00\" \/>\n<meta name=\"twitter:card\" content=\"summary_large_image\" \/>\n<meta name=\"twitter:label1\" content=\"Est. tempo de leitura\" \/>\n\t<meta name=\"twitter:data1\" content=\"2 minutos\" \/>\n<script type=\"application\/ld+json\" class=\"yoast-schema-graph\">{\"@context\":\"https:\\\/\\\/schema.org\",\"@graph\":[{\"@type\":\"WebPage\",\"@id\":\"https:\\\/\\\/magnasearch.com.br\\\/en\\\/about\\\/\",\"url\":\"https:\\\/\\\/magnasearch.com.br\\\/en\\\/about\\\/\",\"name\":\"Conhe\u00e7a a MAGNA Executive Search\",\"isPartOf\":{\"@id\":\"https:\\\/\\\/magnasearch.com.br\\\/en\\\/#website\"},\"datePublished\":\"2019-05-12T19:35:13+00:00\",\"dateModified\":\"2023-01-14T01:55:47+00:00\",\"description\":\"A MAGNA possui a miss\u00e3o e impactar vidas transformando sonhos em realidade atrav\u00e9s da excel\u00eancia de seus servi\u00e7os.\",\"breadcrumb\":{\"@id\":\"https:\\\/\\\/magnasearch.com.br\\\/en\\\/about\\\/#breadcrumb\"},\"inLanguage\":\"pt-BR\",\"potentialAction\":[{\"@type\":\"ReadAction\",\"target\":[\"https:\\\/\\\/magnasearch.com.br\\\/en\\\/about\\\/\"]}]},{\"@type\":\"BreadcrumbList\",\"@id\":\"https:\\\/\\\/magnasearch.com.br\\\/en\\\/about\\\/#breadcrumb\",\"itemListElement\":[{\"@type\":\"ListItem\",\"position\":1,\"name\":\"In\u00edcio\",\"item\":\"https:\\\/\\\/magnasearch.com.br\\\/en\\\/\"},{\"@type\":\"ListItem\",\"position\":2,\"name\":\"About\"}]},{\"@type\":\"WebSite\",\"@id\":\"https:\\\/\\\/magnasearch.com.br\\\/en\\\/#website\",\"url\":\"https:\\\/\\\/magnasearch.com.br\\\/en\\\/\",\"name\":\"Magna Search\",\"description\":\"Executive Search\",\"potentialAction\":[{\"@type\":\"SearchAction\",\"target\":{\"@type\":\"EntryPoint\",\"urlTemplate\":\"https:\\\/\\\/magnasearch.com.br\\\/en\\\/?s={search_term_string}\"},\"query-input\":{\"@type\":\"PropertyValueSpecification\",\"valueRequired\":true,\"valueName\":\"search_term_string\"}}],\"inLanguage\":\"pt-BR\"}]}<\/script>\n<!-- \/ Yoast SEO plugin. -->","yoast_head_json":{"title":"Conhe\u00e7a a MAGNA Executive Search","description":"A MAGNA possui a miss\u00e3o e impactar vidas transformando sonhos em realidade atrav\u00e9s da excel\u00eancia de seus servi\u00e7os.","robots":{"index":"index","follow":"follow","max-snippet":"max-snippet:-1","max-image-preview":"max-image-preview:large","max-video-preview":"max-video-preview:-1"},"canonical":"https:\/\/magnasearch.com.br\/en\/about\/","og_locale":"pt_BR","og_type":"article","og_title":"Conhe\u00e7a a MAGNA Executive Search","og_description":"A MAGNA possui a miss\u00e3o e impactar vidas transformando sonhos em realidade atrav\u00e9s da excel\u00eancia de seus servi\u00e7os.","og_url":"https:\/\/magnasearch.com.br\/en\/about\/","og_site_name":"Magna Search","article_publisher":"https:\/\/www.facebook.com\/magnasearch\/","article_modified_time":"2023-01-14T01:55:47+00:00","twitter_card":"summary_large_image","twitter_misc":{"Est. tempo de leitura":"2 minutos"},"schema":{"@context":"https:\/\/schema.org","@graph":[{"@type":"WebPage","@id":"https:\/\/magnasearch.com.br\/en\/about\/","url":"https:\/\/magnasearch.com.br\/en\/about\/","name":"Conhe\u00e7a a MAGNA Executive Search","isPartOf":{"@id":"https:\/\/magnasearch.com.br\/en\/#website"},"datePublished":"2019-05-12T19:35:13+00:00","dateModified":"2023-01-14T01:55:47+00:00","description":"A MAGNA possui a miss\u00e3o e impactar vidas transformando sonhos em realidade atrav\u00e9s da excel\u00eancia de seus servi\u00e7os.","breadcrumb":{"@id":"https:\/\/magnasearch.com.br\/en\/about\/#breadcrumb"},"inLanguage":"pt-BR","potentialAction":[{"@type":"ReadAction","target":["https:\/\/magnasearch.com.br\/en\/about\/"]}]},{"@type":"BreadcrumbList","@id":"https:\/\/magnasearch.com.br\/en\/about\/#breadcrumb","itemListElement":[{"@type":"ListItem","position":1,"name":"In\u00edcio","item":"https:\/\/magnasearch.com.br\/en\/"},{"@type":"ListItem","position":2,"name":"About"}]},{"@type":"WebSite","@id":"https:\/\/magnasearch.com.br\/en\/#website","url":"https:\/\/magnasearch.com.br\/en\/","name":"Magna Search","description":"Executive Search","potentialAction":[{"@type":"SearchAction","target":{"@type":"EntryPoint","urlTemplate":"https:\/\/magnasearch.com.br\/en\/?s={search_term_string}"},"query-input":{"@type":"PropertyValueSpecification","valueRequired":true,"valueName":"search_term_string"}}],"inLanguage":"pt-BR"}]}},"_links":{"self":[{"href":"https:\/\/magnasearch.com.br\/en\/wp-json\/wp\/v2\/pages\/44","targetHints":{"allow":["GET"]}}],"collection":[{"href":"https:\/\/magnasearch.com.br\/en\/wp-json\/wp\/v2\/pages"}],"about":[{"href":"https:\/\/magnasearch.com.br\/en\/wp-json\/wp\/v2\/types\/page"}],"author":[{"embeddable":true,"href":"https:\/\/magnasearch.com.br\/en\/wp-json\/wp\/v2\/users\/2"}],"replies":[{"embeddable":true,"href":"https:\/\/magnasearch.com.br\/en\/wp-json\/wp\/v2\/comments?post=44"}],"version-history":[{"count":32,"href":"https:\/\/magnasearch.com.br\/en\/wp-json\/wp\/v2\/pages\/44\/revisions"}],"predecessor-version":[{"id":706,"href":"https:\/\/magnasearch.com.br\/en\/wp-json\/wp\/v2\/pages\/44\/revisions\/706"}],"wp:attachment":[{"href":"https:\/\/magnasearch.com.br\/en\/wp-json\/wp\/v2\/media?parent=44"}],"curies":[{"name":"wp","href":"https:\/\/api.w.org\/{rel}","templated":true}]}}